{"id":2,"date":"2021-09-30T14:11:29","date_gmt":"2021-09-30T12:11:29","guid":{"rendered":"https:\/\/spotonfun.pl\/?page_id=2"},"modified":"2021-10-20T21:28:13","modified_gmt":"2021-10-20T19:28:13","slug":"e-bajka","status":"publish","type":"page","link":"https:\/\/spotonfun.pl\/index.php\/e-bajka\/","title":{"rendered":"E-Bajka"},"content":{"rendered":"<p>Bajeczk\u0119 o dw\u00f3ch braciszkach wymy\u015bli\u0142am, kiedy moi ch\u0142opcy byli malutcy i cz\u0119sto si\u0119 sprzeczali o zabawki. Chcia\u0142am im za pomoc\u0105 tej bajeczki przekaza\u0107, \u017ce sprzeczki s\u0105 normalne, \u017ce czujemy si\u0119 po nich \u017ale i zwykle \u017ca\u0142ujemy s\u0142\u00f3w wypowiedzianych podczas k\u0142\u00f3tni. <\/p><p>Teraz mo\u017ce ta prosta bajeczka pomo\u017ce Twoim dzieciom przekaza\u0107 to samo &#8211; zach\u0119cam do pobierania!<\/p><p>TBD &#8230;.  link do pobrania<\/p><p><\/p><p>A mo\u017ce chcesz mnie wesprze\u0107, to zapraszam do kupna za symboliczne &#8222;par\u0119 z\u0142oty&#8221; bajeczki w wersji interaktywnej, na telefon lub tablet z Androidem<\/p><p>TBD &#8230;. link do google play<\/p><p><\/p><p><\/p>","protected":false},"excerpt":{"rendered":"<p>Bajeczk\u0119 o dw\u00f3ch braciszkach wymy\u015bli\u0142am, kiedy moi ch\u0142opcy byli malutcy i cz\u0119sto si\u0119 sprzeczali o zabawki. Chcia\u0142am im za pomoc\u0105 tej bajeczki przekaza\u0107, \u017ce sprzeczki s\u0105 normalne, \u017ce czujemy si\u0119 po nich \u017ale i zwykle \u017ca\u0142ujemy s\u0142\u00f3w wypowiedzianych podczas k\u0142\u00f3tni. Teraz mo\u017ce ta prosta bajeczka pomo\u017ce Twoim dzieciom przekaza\u0107 to samo &#8211; zach\u0119cam do pobierania!&#8230;<\/p>\n","protected":false},"author":1,"featured_media":0,"parent":0,"menu_order":0,"comment_status":"closed","ping_status":"closed","template":"","meta":{"_kad_post_transparent":"","_kad_post_title":"","_kad_post_layout":"","_kad_post_sidebar_id":"","_kad_post_content_style":"","_kad_post_vertical_padding":"","_kad_post_feature":"","_kad_post_feature_position":"","_kad_post_header":false,"_kad_post_footer":false,"footnotes":""},"class_list":["post-2","page","type-page","status-publish","hentry"],"_links":{"self":[{"href":"https:\/\/spotonfun.pl\/index.php\/wp-json\/wp\/v2\/pages\/2","targetHints":{"allow":["GET"]}}],"collection":[{"href":"https:\/\/spotonfun.pl\/index.php\/wp-json\/wp\/v2\/pages"}],"about":[{"href":"https:\/\/spotonfun.pl\/index.php\/wp-json\/wp\/v2\/types\/page"}],"author":[{"embeddable":true,"href":"https:\/\/spotonfun.pl\/index.php\/wp-json\/wp\/v2\/users\/1"}],"replies":[{"embeddable":true,"href":"https:\/\/spotonfun.pl\/index.php\/wp-json\/wp\/v2\/comments?post=2"}],"version-history":[{"count":2,"href":"https:\/\/spotonfun.pl\/index.php\/wp-json\/wp\/v2\/pages\/2\/revisions"}],"predecessor-version":[{"id":372,"href":"https:\/\/spotonfun.pl\/index.php\/wp-json\/wp\/v2\/pages\/2\/revisions\/372"}],"wp:attachment":[{"href":"https:\/\/spotonfun.pl\/index.php\/wp-json\/wp\/v2\/media?parent=2"}],"curies":[{"name":"wp","href":"https:\/\/api.w.org\/{rel}","templated":true}]}}