{"id":3,"date":"2021-09-30T14:11:29","date_gmt":"2021-09-30T12:11:29","guid":{"rendered":"https:\/\/spotonfun.pl\/?page_id=3"},"modified":"2023-12-04T11:04:42","modified_gmt":"2023-12-04T10:04:42","slug":"polityka-prywatnosci","status":"publish","type":"page","link":"https:\/\/spotonfun.pl\/index.php\/polityka-prywatnosci\/","title":{"rendered":"Polityka prywatno\u015bci"},"content":{"rendered":"<h2 class=\"wp-block-heading\">Postanowienia og\u00f3lne<\/h2><p>Niniejsza polityka prywatno\u015bci Serwisu Internetowego ma charakter informacyjny, co oznacza \u017ce nie jest ona \u017ar\u00f3d\u0142em obowi\u0105zk\u00f3w dla Us\u0142ugobiorc\u00f3w Serwisu Internetowego. Polityka prywatno\u015bci zawiera przede wszystkim zasady dotycz\u0105ce przetwarzania danych osobowych przez Administratora w Serwisie Internetowym, w tym podstawy, cele i zakres przetwarzania danych osobowych oraz prawa os\u00f3b, kt\u00f3rych dane dotycz\u0105, a tak\u017ce informacje w zakresie stosowania w Serwisie Internetowym plik\u00f3w cookies oraz narz\u0119dzi analitycznych.&nbsp;&nbsp;<\/p><p>Administratorem danych osobowych zbieranych za po\u015brednictwem Serwisu Internetowego w zwi\u0105zku z realizacj\u0105 postanowie\u0144 Regulaminu jest Ma\u0142gorzata Szpoton w\u0142a\u015bciciel Pracowni r\u0119kodzie\u0142a SpotOnFun. Adres poczty:\u00a0<a href=\"mailto:hello@spotonfun.pl\" target=\"_blank\" rel=\"noreferrer noopener\">hello@spotonfun.pl<\/a>\u00a0<\/p><h2 class=\"wp-block-heading\">Dane dost\u0119powe i hosting<\/h2><p>Na nasze strony internetowe mo\u017cna wchodzi\u0107 bez podawania swoich danych osobowych. W przypadku ka\u017cdego wywo\u0142ania strony internetowej serwer zapisuje automatycznie jedynie tzw. logi serwera, jak np. nazw\u0119 \u017c\u0105danego pliku, Pa\u0144stwa adres IP, dat\u0119 i godzin\u0119 wywo\u0142ania, ilo\u015b\u0107 przesy\u0142anych danych i sk\u0142adaj\u0105cego zapytanie dostawc\u0119 us\u0142ug internetowych (dane dost\u0119powe) oraz dokumentuje wywo\u0142anie strony.\u00a0Dane te s\u0105 analizowane wy\u0142\u0105cznie w celu zapewnienia prawid\u0142owego funkcjonowania strony i ulepszenia naszej oferty. Powy\u017csze s\u0142u\u017cy \u2013 w ramach oceny interes\u00f3w \u2013 zabezpieczeniu naszego prawnie uzasadnionego interesu, polegaj\u0105cego na prawid\u0142owym zaprezentowaniu naszej oferty. Wszystkie dane dost\u0119powe s\u0105 usuwane w terminie siedmiu dni od momentu zako\u0144czenia Pa\u0144stwa wizyty na stronie.\u00a0<\/p><h2 class=\"wp-block-heading\">Gromadzenie i przetwarzanie danych<\/h2><p>Gromadzimy dane osobowe wy\u0142\u0105cznie wtedy, kiedy nam je Pa\u0144stwo dobrowolnie przekazuj\u0105 sk\u0142adaj\u0105c swoje zam\u00f3wienie, kontaktuj\u0105c si\u0119 z nami (np. za pomoc\u0105 formularza kontaktowego lub e-mailem, zostawiaj\u0105c komentarz). Pola obowi\u0105zkowe s\u0105 oznaczone jako takie, poniewa\u017c zawarte w nich dane s\u0105 nam niezb\u0119dne do wykonania umowy lub rozpatrzenia sprawy, w kt\u00f3rej kontaktowali si\u0119 Pa\u0144stwo z nami, lub za\u0142o\u017cenia konta klienta. Bez ich podania nie mo\u017cna uko\u0144czy\u0107 zam\u00f3wienia lub za\u0142o\u017cy\u0107 konta klienta ani skontaktowa\u0107 si\u0119 z nami. To, jakie dane s\u0105 gromadzone, wynika z formularzy, do kt\u00f3rych wprowadzane s\u0105 dane. Z przekazanych przez Pa\u0144stwa danych korzystamy w celu wykonania umowy i odpowiedzi na Pa\u0144stwa zapytania. Po wykonaniu umowy lub usuni\u0119ciu Pa\u0144stwa konta klienta, przetwarzanie Pa\u0144stwa danych zostanie ograniczone, a po up\u0142ywie okres\u00f3w przechowywania okre\u015blonych w przepisach podatkowych i ustawie o rachunkowo\u015bci dane te zostan\u0105 usuni\u0119te\u00a0<\/p><h2 class=\"wp-block-heading\">Przekazywanie danych<\/h2><ol class=\"wp-block-list\"><li>Administrator, po uzyskaniu uprzedniej zgody U\u017cytkownika, mo\u017ce udost\u0119pnia\u0107 dane osobowe U\u017cytkownik\u00f3w innym serwisom internetowym prowadzonym przez Administratora.\u00a0<\/li>\n\n<li>W przypadku restrukturyzacji, sprzeda\u017cy\/przeniesienia maj\u0105tku cz\u0119\u015bciowo lub w ca\u0142o\u015bci na nowego w\u0142a\u015bciciela dane osobowe U\u017cytkownik\u00f3w mog\u0105 zosta\u0107 przeniesione na nowego w\u0142a\u015bciciela w celu zapewnienia kontynuacji \u015bwiadczenia us\u0142ug Serwisu.<\/li>\n\n<li>Administrator nie przekazuje danych osobowych podmiotom trzecim, za wyj\u0105tkiem:<ul class=\"wp-block-list\"><li>potrzeby udost\u0119pnienia informacji nt. U\u017cytkownika organom publicznym, w walce z oszustwami i nadu\u017cyciami, post\u0119powaniami zwi\u0105zanymi z naruszeniem prawa i zwalczaniu narusze\u0144 Regulaminu.<\/li>\n\n<li>podmiot\u00f3w wsp\u00f3\u0142pracuj\u0105cych takich jak np.: dostawcy us\u0142ug analitycznych, przechowywania danych, retargetingu, sieci afiliacyjnych, operator\u00f3w logistycznych. W takim przypadku podmioty te nie s\u0105 upowa\u017cnione do wykorzystywania danych w swoim imieniu a wy\u0142\u0105cznie na potrzeby Administratora i Serwisu<\/li><\/ul><\/li>\n\n<li>Administrator mo\u017ce udost\u0119pnia\u0107 podmiotom trzecim dane w formie zanonimizowanej, kt\u00f3re nie identyfikuj\u0105 konkretnych U\u017cytkownik\u00f3w, a s\u0142u\u017c\u0105 poprawie wy\u015bwietlanej tre\u015bci w Serwisie, dopasowaniu reklam oraz dotarciu do U\u017cytkownik\u00f3w poza Serwisem.<\/li>\n\n<li>Sprzedaj\u0105cy, po uzyskaniu od Administratora danych Kupuj\u0105cego, jest zobowi\u0105zany spe\u0142ni\u0107 wobec Kupuj\u0105cego wszelkie obowi\u0105zki wynikaj\u0105ce z tego rozporz\u0105dzenia i innych przepis\u00f3w prawa, w tym zapewni\u0107 im realizacj\u0119 przys\u0142uguj\u0105cych im uprawnie\u0144 Rozporz\u0105dzenia.\u00a0<\/li><\/ol><h2 class=\"wp-block-heading\">Prawa osoby, kt\u00f3rej dane dotycz\u0105\u00a0<\/h2><ul class=\"wp-block-list\"><li>Prawo dost\u0119pu, sprostowania, ograniczenia, usuni\u0119cia lub przenoszenia\u00a0\u2013 osoba, kt\u00f3rej dane dotycz\u0105, ma prawo \u017c\u0105dania od Administratora dost\u0119pu do swoich danych osobowych, ich sprostowania, usuni\u0119cia (\u201eprawo do bycia zapomnianym\u201d) lub ograniczenia przetwarzania oraz ma prawo do wniesienia sprzeciwu wobec przetwarzania, a tak\u017ce ma prawo do przenoszenia swoich danych. Szczeg\u00f3\u0142owe warunki wykonywania wskazanych wy\u017cej praw wskazane s\u0105 w art. 15-21 Rozporz\u0105dzenia RODO<\/li>\n\n<li>Prawo do cofni\u0119cia zgody w dowolnym momencie\u00a0\u2013 osoba, kt\u00f3rej dane przetwarzane s\u0105 przez Administratora na podstawie wyra\u017conej zgody (na podstawie art. 6 ust. 1 lit. a) lub art. 9 ust. 2 lit. a) Rozporz\u0105dzenia RODO) ma prawo do cofni\u0119cia zgody w dowolnym momencie bez wp\u0142ywu na zgodno\u015b\u0107 z prawem przetwarzania, kt\u00f3rego dokonano na podstawie zgody przed jej cofni\u0119ciem<\/li>\n\n<li>Prawo wniesienia skargi do organu nadzorczego\u00a0\u2013 osoba, kt\u00f3rej dane przetwarzane s\u0105 przez Administratora, ma prawo wniesienia skargi do organu nadzorczego w spos\u00f3b i trybie okre\u015blonym w przepisach Rozporz\u0105dzenia RODO oraz prawa polskiego, w szczeg\u00f3lno\u015bci ustawy o ochronie danych osobowych. Organem nadzorczym w Polsce jest Prezes Urz\u0119du Ochrony Danych Osobowych.<\/li>\n\n<li>Prawo do sprzeciwu\u00a0\u2013 osoba, kt\u00f3rej dane dotycz\u0105, ma prawo w dowolnym momencie wnie\u015b\u0107 sprzeciw \u2013 z przyczyn zwi\u0105zanych z jej szczeg\u00f3ln\u0105 sytuacj\u0105 \u2013 wobec przetwarzania dotycz\u0105cych jej danych osobowych opartego na art. 6 ust. 1 lit. e) (interes lub zadania publiczne) lub f) (prawnie uzasadniony interes administratora), w tym profilowania na podstawie tych przepis\u00f3w. Administratorowi w takim przypadku nie wolno ju\u017c przetwarza\u0107 tych danych osobowych, chyba \u017ce wyka\u017ce on istnienie wa\u017cnych prawnie uzasadnionych podstaw do przetwarzania, nadrz\u0119dnych wobec interes\u00f3w, praw i wolno\u015bci osoby, kt\u00f3rej dane dotycz\u0105, lub podstaw do ustalenia, dochodzenia lub obrony roszcze\u0144.\u00a0<\/li>\n\n<li>Prawo do sprzeciwu dot. marketingu bezpo\u015bredniego \u2013\u00a0je\u017celi dane osobowe s\u0105 przetwarzane na potrzeby marketingu bezpo\u015bredniego, osoba, kt\u00f3rej dane dotycz\u0105, ma prawo w dowolnym momencie wnie\u015b\u0107 sprzeciw wobec przetwarzania dotycz\u0105cych jej danych osobowych na potrzeby takiego marketingu, w tym profilowania, w zakresie, w jakim przetwarzanie jest zwi\u0105zane z takim marketingiem bezpo\u015brednim.<\/li>\n\n<li>W celu realizacji uprawnie\u0144, o kt\u00f3rych mowa w niniejszym punkcie polityki prywatno\u015bci\u00a0mo\u017cna kontaktowa\u0107 si\u0119 z Administratorem poprzez przes\u0142anie stosownej wiadomo\u015bci poczt\u0105 elektroniczn\u0105 na adres Administratora lub inspektora ochrony danych Administratora wskazany na wst\u0119pie polityki prywatno\u015bci.<\/li>\n\n<li><\/li><\/ul><h2 class=\"wp-block-heading\">Ciasteczka<\/h2><p>Administrator mo\u017ce przetwarza\u0107 dane zawarte w plikach Cookies podczas korzystania przez odwiedzaj\u0105cych ze strony Serwisu Internetowego w nast\u0119puj\u0105cych celach:&nbsp;<\/p><ol class=\"wp-block-list\"><li>Realizacji podstawowych funkcjonalno\u015bci Serwisu Internetowego takich jak identyfikacja Us\u0142ugobiorc\u00f3w jako zalogowanych i utrzymywania sesji logowania, przechowywanie dynamicznych danych, np. statystyk, podsumowa\u0144;\u00a0<\/li>\n\n<li>Dostosowywania zawarto\u015bci Serwisu Internetowego do indywidualnych preferencji Us\u0142ugobiorcy (np. dotycz\u0105cych j\u0119zyka);\u00a0<\/li>\n\n<li>Zapami\u0119tywania lokalizacji IP, strefy czasowej;\u00a0<\/li>\n\n<li>Prowadzenia anonimowych statystyk przedstawiaj\u0105cych spos\u00f3b korzystania z Serwisu Internetowego;\u00a0<\/li>\n\n<li>Zapami\u0119tywania zamawianych Produkt\u00f3w w koszyku, polecania Produkt\u00f3w powi\u0105zanych z Uslugami zamawianymi, a tak\u017ce prawid\u0142owego funkcjonowanie Serwisu;\u00a0<\/li>\n\n<li>Remarketingu, to jest badania cech zachowania odwiedzaj\u0105cych Serwis Internetowy poprzez anonimow\u0105 analiz\u0119 ich dzia\u0142a\u0144 (np. powtarzaj\u0105ce si\u0119 wizyty na okre\u015blonych stronach, s\u0142owa kluczowe itp.) w celu stworzenia ich profilu i dostarczenia im reklam dopasowanych do ich przewidywanych zainteresowa\u0144, tak\u017ce wtedy kiedy odwiedzaj\u0105 oni inne strony internetowe w sieci reklamowej firmy Google Inc. oraz Facebook Ireland Ltd.\u00a0<\/li><\/ol><p>Czas przechowywania podany jest w ustawieniach cookies Pa\u0144stwa przegl\u0105darki internetowej. Przegl\u0105dark\u0119 mo\u017cna skonfigurowa\u0107 w ten spos\u00f3b, aby otrzymywa\u0107 informacj\u0119 o stosowaniu cookies i mie\u0107 mo\u017cliwo\u015b\u0107 decydowania o ich akceptacji lub odrzuceniu w okre\u015blonych przypadkach lub ca\u0142kowicie. Przegl\u0105darki zarz\u0105dzaj\u0105 ustawieniami cookies na r\u00f3\u017cne sposoby. W menu pomocniczym przegl\u0105darki internetowej znajd\u0105 Pa\u0144stwo wyja\u015bnienia dotycz\u0105ce zmiany ustawie\u0144 cookies. Dost\u0119pne s\u0105 one pod nast\u0119puj\u0105cymi linkami:<\/p><ul class=\"wp-block-list\"><li>Internet Explorer\u2122:\u00a0<a href=\"https:\/\/support.microsoft.com\/pl-pl\/help\/17442\/windows-internet-explorer-delete-manage-cookiesSafari%E2%84%A2\" target=\"_blank\" rel=\"noreferrer noopener\">https:\/\/support.microsoft.com\/pl-pl\/help\/17442\/windows-internet-explorer-delete-manage-cookies<\/a><\/li>\n\n<li>Safari\u2122:\u00a0<a href=\"http:\/\/safari.helpmax.net\/pl\/ochrona-i-prywatnosc\/usuwanie-plikow-cookie\/Chrome%E2%84%A2\" target=\"_blank\" rel=\"noreferrer noopener\">http:\/\/safari.helpmax.net\/pl\/ochrona-i-prywatnosc\/usuwanie-plikow-cookie\/<\/a><\/li>\n\n<li>Chrome\u2122:\u00a0<a href=\"https:\/\/support.google.com\/chrome\/answer\/95647?hl=pl&amp;hlrm=enFirefox%E2%84%A2\" target=\"_blank\" rel=\"noreferrer noopener\">https:\/\/support.google.com\/chrome\/answer\/95647?hl=pl&amp;hlrm=en<\/a><\/li>\n\n<li>Firefox\u2122:\u00a0<a href=\"https:\/\/support.mozilla.org\/pl\/kb\/usuwanie-ciasteczekOpera%E2%84%A2\" target=\"_blank\" rel=\"noreferrer noopener\">https:\/\/support.mozilla.org\/pl\/kb\/usuwanie-ciasteczek<\/a><\/li>\n\n<li>Opera\u2122:\u00a0<a href=\"http:\/\/help.opera.com\/Windows\/12.10\/pl\/cookies.htmlW\" target=\"_blank\" rel=\"noreferrer noopener\">http:\/\/help.opera.com\/Windows\/12.10\/pl\/cookies.html<\/a><\/li><\/ul><p>W przypadku braku zgody na wykorzystywanie plik\u00f3w cookies funkcjonalno\u015b\u0107 naszej strony internetowej mo\u017ce zosta\u0107 ograniczona.\u00a0<\/p>","protected":false},"excerpt":{"rendered":"<p>Postanowienia og\u00f3lne Niniejsza polityka prywatno\u015bci Serwisu Internetowego ma charakter informacyjny, co oznacza \u017ce nie jest ona \u017ar\u00f3d\u0142em obowi\u0105zk\u00f3w dla Us\u0142ugobiorc\u00f3w Serwisu Internetowego. Polityka prywatno\u015bci zawiera przede wszystkim zasady dotycz\u0105ce przetwarzania danych osobowych przez Administratora w Serwisie Internetowym, w tym podstawy, cele i zakres przetwarzania danych osobowych oraz prawa os\u00f3b, kt\u00f3rych dane dotycz\u0105, a tak\u017ce informacje&#8230;<\/p>\n","protected":false},"author":1,"featured_media":0,"parent":0,"menu_order":0,"comment_status":"closed","ping_status":"open","template":"","meta":{"_kad_post_transparent":"","_kad_post_title":"","_kad_post_layout":"","_kad_post_sidebar_id":"","_kad_post_content_style":"","_kad_post_vertical_padding":"","_kad_post_feature":"","_kad_post_feature_position":"","_kad_post_header":false,"_kad_post_footer":false,"footnotes":""},"class_list":["post-3","page","type-page","status-publish","hentry"],"_links":{"self":[{"href":"https:\/\/spotonfun.pl\/index.php\/wp-json\/wp\/v2\/pages\/3","targetHints":{"allow":["GET"]}}],"collection":[{"href":"https:\/\/spotonfun.pl\/index.php\/wp-json\/wp\/v2\/pages"}],"about":[{"href":"https:\/\/spotonfun.pl\/index.php\/wp-json\/wp\/v2\/types\/page"}],"author":[{"embeddable":true,"href":"https:\/\/spotonfun.pl\/index.php\/wp-json\/wp\/v2\/users\/1"}],"replies":[{"embeddable":true,"href":"https:\/\/spotonfun.pl\/index.php\/wp-json\/wp\/v2\/comments?post=3"}],"version-history":[{"count":1,"href":"https:\/\/spotonfun.pl\/index.php\/wp-json\/wp\/v2\/pages\/3\/revisions"}],"predecessor-version":[{"id":814,"href":"https:\/\/spotonfun.pl\/index.php\/wp-json\/wp\/v2\/pages\/3\/revisions\/814"}],"wp:attachment":[{"href":"https:\/\/spotonfun.pl\/index.php\/wp-json\/wp\/v2\/media?parent=3"}],"curies":[{"name":"wp","href":"https:\/\/api.w.org\/{rel}","templated":true}]}}