{"id":798,"date":"2023-12-04T00:39:47","date_gmt":"2023-12-03T23:39:47","guid":{"rendered":"https:\/\/spotonfun.pl\/?post_type=product&#038;p=798"},"modified":"2023-12-04T01:00:01","modified_gmt":"2023-12-04T00:00:01","slug":"czapka-zimowa-3","status":"publish","type":"product","link":"https:\/\/spotonfun.pl\/index.php\/produkt\/czapka-zimowa-3\/","title":{"rendered":"Czapka zimowa"},"content":{"rendered":"<p>R\u0119cznie robiona czapka zimowa<\/p>\n<p>W\u0142\u00f3czka akrylowa<\/p>\n<p>Rozmiar uniwersalny<\/p>\n","protected":false},"excerpt":{"rendered":"<p>R\u0119cznie robiona czapka zimowa W\u0142\u00f3czka akrylowa Rozmiar uniwersalny<\/p>\n","protected":false},"featured_media":799,"comment_status":"open","ping_status":"closed","template":"","meta":{"_kad_post_transparent":"default","_kad_post_title":"","_kad_post_layout":"default","_kad_post_sidebar_id":"","_kad_post_content_style":"default","_kad_post_vertical_padding":"default","_kad_post_feature":"","_kad_post_feature_position":"","_kad_post_header":false,"_kad_post_footer":false},"product_brand":[],"product_cat":[230],"product_tag":[],"class_list":{"0":"post-798","1":"product","2":"type-product","3":"status-publish","4":"has-post-thumbnail","6":"product_cat-recznie-robione","8":"first","9":"outofstock","10":"taxable","11":"shipping-taxable","12":"purchasable","13":"product-type-simple","14":"entry","15":"content-bg","16":"loop-entry"},"_links":{"self":[{"href":"https:\/\/spotonfun.pl\/index.php\/wp-json\/wp\/v2\/product\/798","targetHints":{"allow":["GET"]}}],"collection":[{"href":"https:\/\/spotonfun.pl\/index.php\/wp-json\/wp\/v2\/product"}],"about":[{"href":"https:\/\/spotonfun.pl\/index.php\/wp-json\/wp\/v2\/types\/product"}],"replies":[{"embeddable":true,"href":"https:\/\/spotonfun.pl\/index.php\/wp-json\/wp\/v2\/comments?post=798"}],"wp:featuredmedia":[{"embeddable":true,"href":"https:\/\/spotonfun.pl\/index.php\/wp-json\/wp\/v2\/media\/799"}],"wp:attachment":[{"href":"https:\/\/spotonfun.pl\/index.php\/wp-json\/wp\/v2\/media?parent=798"}],"wp:term":[{"taxonomy":"product_brand","embeddable":true,"href":"https:\/\/spotonfun.pl\/index.php\/wp-json\/wp\/v2\/product_brand?post=798"},{"taxonomy":"product_cat","embeddable":true,"href":"https:\/\/spotonfun.pl\/index.php\/wp-json\/wp\/v2\/product_cat?post=798"},{"taxonomy":"product_tag","embeddable":true,"href":"https:\/\/spotonfun.pl\/index.php\/wp-json\/wp\/v2\/product_tag?post=798"}],"curies":[{"name":"wp","href":"https:\/\/api.w.org\/{rel}","templated":true}]}}